{"id":775,"date":"2024-05-13T13:20:34","date_gmt":"2024-05-13T13:20:34","guid":{"rendered":"https:\/\/marcelobuonavoglia.com\/Site\/?page_id=775"},"modified":"2024-06-10T19:03:21","modified_gmt":"2024-06-10T19:03:21","slug":"lideranca-nas-organizacoes-3","status":"publish","type":"page","link":"https:\/\/marcelobuonavoglia.com\/Site\/index.php\/lideranca-nas-organizacoes-3\/","title":{"rendered":"Lideran\u00e7a Nas Organiza\u00e7\u00f5es"},"content":{"rendered":"\t\t<div data-elementor-type=\"wp-page\" data-elementor-id=\"775\" class=\"elementor elementor-775\">\n\t\t\t\t<div class=\"elementor-element elementor-element-fbb518a e-con-full e-transform e-flex e-con e-parent\" data-id=\"fbb518a\" data-element_type=\"container\" data-settings=\"{&quot;_transform_scale_effect&quot;:{&quot;unit&quot;:&quot;px&quot;,&quot;size&quot;:1.0500000000000000444089209850062616169452667236328125,&quot;sizes&quot;:[]},&quot;background_background&quot;:&quot;classic&quot;,&quot;_transform_scale_effect_tablet&quot;:{&quot;unit&quot;:&quot;px&quot;,&quot;size&quot;:&quot;&quot;,&quot;sizes&quot;:[]},&quot;_transform_scale_effect_mobile&quot;:{&quot;unit&quot;:&quot;px&quot;,&quot;size&quot;:&quot;&quot;,&quot;sizes&quot;:[]}}\">\n\t\t\t\t<div class=\"elementor-element elementor-element-e455992 elementor-widget__width-inherit elementor-widget elementor-widget-html\" data-id=\"e455992\" data-element_type=\"widget\" data-widget_type=\"html.default\">\n\t\t\t\t<div class=\"elementor-widget-container\">\n\t\t\t<div style=\"position: relative; width: 100%; height: 0; padding-top: 500%;\r\n padding-bottom: 0; box-shadow: 0 2px 8px 0 rgba(63,69,81,0.16); margin-top: 1.6em; margin-bottom: 0.9em; overflow: hidden;\r\n border-radius: 8px; will-change: transform;\">\r\n  <iframe loading=\"lazy\" style=\"position: absolute; width: 100%; height: 100%; top: 0; left: 0; border: none; padding: 0;margin: 0;\"\r\n    src=\"https:&#x2F;&#x2F;www.canva.com&#x2F;design&#x2F;DAGFyPC82L4&#x2F;fZdnL-KKLpmIaUsYvG-KXA&#x2F;view?embed\" allowfullscreen=\"allowfullscreen\" allow=\"fullscreen\">\r\n  <\/iframe>\r\n<\/div>\t\t<\/div>\n\t\t\t\t<\/div>\n\t\t\t\t<\/div>\n\t\t\t\t<\/div>\n\t\t","protected":false},"excerpt":{"rendered":"","protected":false},"author":1,"featured_media":0,"parent":0,"menu_order":0,"comment_status":"closed","ping_status":"closed","template":"elementor_canvas","meta":{"_themeisle_gutenberg_block_has_review":false,"footnotes":""},"class_list":["post-775","page","type-page","status-publish","hentry"],"yoast_head":"<!-- This site is optimized with the Yoast SEO plugin v21.2 - https:\/\/yoast.com\/wordpress\/plugins\/seo\/ -->\n<title>Lideran\u00e7a Nas Organiza\u00e7\u00f5es - MARCELO BUONAVOGLIA<\/title>\n<meta name=\"robots\" content=\"index, follow, max-snippet:-1, max-image-preview:large, max-video-preview:-1\" \/>\n<link rel=\"canonical\" href=\"https:\/\/marcelobuonavoglia.com\/Site\/index.php\/lideranca-nas-organizacoes-3\/\" \/>\n<meta property=\"og:locale\" content=\"pt_BR\" \/>\n<meta property=\"og:type\" content=\"article\" \/>\n<meta property=\"og:title\" content=\"Lideran\u00e7a Nas Organiza\u00e7\u00f5es - MARCELO BUONAVOGLIA\" \/>\n<meta property=\"og:url\" content=\"https:\/\/marcelobuonavoglia.com\/Site\/index.php\/lideranca-nas-organizacoes-3\/\" \/>\n<meta property=\"og:site_name\" content=\"MARCELO BUONAVOGLIA\" \/>\n<meta property=\"article:modified_time\" content=\"2024-06-10T19:03:21+00:00\" \/>\n<meta name=\"twitter:card\" content=\"summary_large_image\" \/>\n<script type=\"application\/ld+json\" class=\"yoast-schema-graph\">{\n\t    \"@context\": \"https:\/\/schema.org\",\n\t    \"@graph\": [\n\t        {\n\t            \"@type\": \"WebPage\",\n\t            \"@id\": \"https:\/\/marcelobuonavoglia.com\/Site\/index.php\/lideranca-nas-organizacoes-3\/\",\n\t            \"url\": \"https:\/\/marcelobuonavoglia.com\/Site\/index.php\/lideranca-nas-organizacoes-3\/\",\n\t            \"name\": \"Lideran\u00e7a Nas Organiza\u00e7\u00f5es - MARCELO BUONAVOGLIA\",\n\t            \"isPartOf\": {\n\t                \"@id\": \"https:\/\/marcelobuonavoglia.com\/Site\/#website\"\n\t            },\n\t            \"datePublished\": \"2024-05-13T13:20:34+00:00\",\n\t            \"dateModified\": \"2024-06-10T19:03:21+00:00\",\n\t            \"breadcrumb\": {\n\t                \"@id\": \"https:\/\/marcelobuonavoglia.com\/Site\/index.php\/lideranca-nas-organizacoes-3\/#breadcrumb\"\n\t            },\n\t            \"inLanguage\": \"pt-BR\",\n\t            \"potentialAction\": [\n\t                {\n\t                    \"@type\": \"ReadAction\",\n\t                    \"target\": [\n\t                        \"https:\/\/marcelobuonavoglia.com\/Site\/index.php\/lideranca-nas-organizacoes-3\/\"\n\t                    ]\n\t                }\n\t            ]\n\t        },\n\t        {\n\t            \"@type\": \"BreadcrumbList\",\n\t            \"@id\": \"https:\/\/marcelobuonavoglia.com\/Site\/index.php\/lideranca-nas-organizacoes-3\/#breadcrumb\",\n\t            \"itemListElement\": [\n\t                {\n\t                    \"@type\": \"ListItem\",\n\t                    \"position\": 1,\n\t                    \"name\": \"In\u00edcio\",\n\t                    \"item\": \"https:\/\/marcelobuonavoglia.com\/Site\/\"\n\t                },\n\t                {\n\t                    \"@type\": \"ListItem\",\n\t                    \"position\": 2,\n\t                    \"name\": \"Lideran\u00e7a Nas Organiza\u00e7\u00f5es\"\n\t                }\n\t            ]\n\t        },\n\t        {\n\t            \"@type\": \"WebSite\",\n\t            \"@id\": \"https:\/\/marcelobuonavoglia.com\/Site\/#website\",\n\t            \"url\": \"https:\/\/marcelobuonavoglia.com\/Site\/\",\n\t            \"name\": \"MARCELO BUONAVOGLIA\",\n\t            \"description\": \"\",\n\t            \"publisher\": {\n\t                \"@id\": \"https:\/\/marcelobuonavoglia.com\/Site\/#\/schema\/person\/573e80e4b52a3e7ef4a5752f8391acbc\"\n\t            },\n\t            \"potentialAction\": [\n\t                {\n\t                    \"@type\": \"SearchAction\",\n\t                    \"target\": {\n\t                        \"@type\": \"EntryPoint\",\n\t                        \"urlTemplate\": \"https:\/\/marcelobuonavoglia.com\/Site\/?s={search_term_string}\"\n\t                    },\n\t                    \"query-input\": \"required name=search_term_string\"\n\t                }\n\t            ],\n\t            \"inLanguage\": \"pt-BR\"\n\t        },\n\t        {\n\t            \"@type\": [\n\t                \"Person\",\n\t                \"Organization\"\n\t            ],\n\t            \"@id\": \"https:\/\/marcelobuonavoglia.com\/Site\/#\/schema\/person\/573e80e4b52a3e7ef4a5752f8391acbc\",\n\t            \"name\": \"admin\",\n\t            \"image\": {\n\t                \"@type\": \"ImageObject\",\n\t                \"inLanguage\": \"pt-BR\",\n\t                \"@id\": \"https:\/\/marcelobuonavoglia.com\/Site\/#\/schema\/person\/image\/\",\n\t                \"url\": \"https:\/\/marcelobuonavoglia.com\/Site\/wp-content\/uploads\/2023\/09\/Avatar.png\",\n\t                \"contentUrl\": \"https:\/\/marcelobuonavoglia.com\/Site\/wp-content\/uploads\/2023\/09\/Avatar.png\",\n\t                \"width\": 128,\n\t                \"height\": 115,\n\t                \"caption\": \"admin\"\n\t            },\n\t            \"logo\": {\n\t                \"@id\": \"https:\/\/marcelobuonavoglia.com\/Site\/#\/schema\/person\/image\/\"\n\t            },\n\t            \"sameAs\": [\n\t                \"https:\/\/marcelobuonavoglia.com\/Site\"\n\t            ]\n\t        }\n\t    ]\n\t}<\/script>\n<!-- \/ Yoast SEO plugin. -->","yoast_head_json":{"title":"Lideran\u00e7a Nas Organiza\u00e7\u00f5es - MARCELO BUONAVOGLIA","robots":{"index":"index","follow":"follow","max-snippet":"max-snippet:-1","max-image-preview":"max-image-preview:large","max-video-preview":"max-video-preview:-1"},"canonical":"https:\/\/marcelobuonavoglia.com\/Site\/index.php\/lideranca-nas-organizacoes-3\/","og_locale":"pt_BR","og_type":"article","og_title":"Lideran\u00e7a Nas Organiza\u00e7\u00f5es - MARCELO BUONAVOGLIA","og_url":"https:\/\/marcelobuonavoglia.com\/Site\/index.php\/lideranca-nas-organizacoes-3\/","og_site_name":"MARCELO BUONAVOGLIA","article_modified_time":"2024-06-10T19:03:21+00:00","twitter_card":"summary_large_image","schema":{"@context":"https:\/\/schema.org","@graph":[{"@type":"WebPage","@id":"https:\/\/marcelobuonavoglia.com\/Site\/index.php\/lideranca-nas-organizacoes-3\/","url":"https:\/\/marcelobuonavoglia.com\/Site\/index.php\/lideranca-nas-organizacoes-3\/","name":"Lideran\u00e7a Nas Organiza\u00e7\u00f5es - MARCELO BUONAVOGLIA","isPartOf":{"@id":"https:\/\/marcelobuonavoglia.com\/Site\/#website"},"datePublished":"2024-05-13T13:20:34+00:00","dateModified":"2024-06-10T19:03:21+00:00","breadcrumb":{"@id":"https:\/\/marcelobuonavoglia.com\/Site\/index.php\/lideranca-nas-organizacoes-3\/#breadcrumb"},"inLanguage":"pt-BR","potentialAction":[{"@type":"ReadAction","target":["https:\/\/marcelobuonavoglia.com\/Site\/index.php\/lideranca-nas-organizacoes-3\/"]}]},{"@type":"BreadcrumbList","@id":"https:\/\/marcelobuonavoglia.com\/Site\/index.php\/lideranca-nas-organizacoes-3\/#breadcrumb","itemListElement":[{"@type":"ListItem","position":1,"name":"In\u00edcio","item":"https:\/\/marcelobuonavoglia.com\/Site\/"},{"@type":"ListItem","position":2,"name":"Lideran\u00e7a Nas Organiza\u00e7\u00f5es"}]},{"@type":"WebSite","@id":"https:\/\/marcelobuonavoglia.com\/Site\/#website","url":"https:\/\/marcelobuonavoglia.com\/Site\/","name":"MARCELO BUONAVOGLIA","description":"","publisher":{"@id":"https:\/\/marcelobuonavoglia.com\/Site\/#\/schema\/person\/573e80e4b52a3e7ef4a5752f8391acbc"},"potentialAction":[{"@type":"SearchAction","target":{"@type":"EntryPoint","urlTemplate":"https:\/\/marcelobuonavoglia.com\/Site\/?s={search_term_string}"},"query-input":"required name=search_term_string"}],"inLanguage":"pt-BR"},{"@type":["Person","Organization"],"@id":"https:\/\/marcelobuonavoglia.com\/Site\/#\/schema\/person\/573e80e4b52a3e7ef4a5752f8391acbc","name":"admin","image":{"@type":"ImageObject","inLanguage":"pt-BR","@id":"https:\/\/marcelobuonavoglia.com\/Site\/#\/schema\/person\/image\/","url":"https:\/\/marcelobuonavoglia.com\/Site\/wp-content\/uploads\/2023\/09\/Avatar.png","contentUrl":"https:\/\/marcelobuonavoglia.com\/Site\/wp-content\/uploads\/2023\/09\/Avatar.png","width":128,"height":115,"caption":"admin"},"logo":{"@id":"https:\/\/marcelobuonavoglia.com\/Site\/#\/schema\/person\/image\/"},"sameAs":["https:\/\/marcelobuonavoglia.com\/Site"]}]}},"_links":{"self":[{"href":"https:\/\/marcelobuonavoglia.com\/Site\/index.php\/wp-json\/wp\/v2\/pages\/775","targetHints":{"allow":["GET"]}}],"collection":[{"href":"https:\/\/marcelobuonavoglia.com\/Site\/index.php\/wp-json\/wp\/v2\/pages"}],"about":[{"href":"https:\/\/marcelobuonavoglia.com\/Site\/index.php\/wp-json\/wp\/v2\/types\/page"}],"author":[{"embeddable":true,"href":"https:\/\/marcelobuonavoglia.com\/Site\/index.php\/wp-json\/wp\/v2\/users\/1"}],"replies":[{"embeddable":true,"href":"https:\/\/marcelobuonavoglia.com\/Site\/index.php\/wp-json\/wp\/v2\/comments?post=775"}],"version-history":[{"count":45,"href":"https:\/\/marcelobuonavoglia.com\/Site\/index.php\/wp-json\/wp\/v2\/pages\/775\/revisions"}],"predecessor-version":[{"id":849,"href":"https:\/\/marcelobuonavoglia.com\/Site\/index.php\/wp-json\/wp\/v2\/pages\/775\/revisions\/849"}],"wp:attachment":[{"href":"https:\/\/marcelobuonavoglia.com\/Site\/index.php\/wp-json\/wp\/v2\/media?parent=775"}],"curies":[{"name":"wp","href":"https:\/\/api.w.org\/{rel}","templated":true}]}}